{"id":2526,"date":"2024-02-17T09:23:42","date_gmt":"2024-02-17T14:23:42","guid":{"rendered":"https:\/\/www.ecotechrdr.com\/nos-services\/"},"modified":"2025-07-17T10:29:27","modified_gmt":"2025-07-17T14:29:27","slug":"our-services","status":"publish","type":"page","link":"https:\/\/www.ecotechrdr.com\/en\/our-services\/","title":{"rendered":"Our services"},"content":{"rendered":"<p>[et_pb_section fb_built=&#8221;1&#8243; custom_padding_last_edited=&#8221;on|phone&#8221; _builder_version=&#8221;4.27.4&#8243; _module_preset=&#8221;default&#8221; background_color=&#8221;#F4EAA2&#8243; custom_padding=&#8221;140px||140px||true|false&#8221; custom_padding_tablet=&#8221;75px||75px||true|false&#8221; custom_padding_phone=&#8221;50px||50px||true|false&#8221; global_colors_info=&#8221;{}&#8221;][et_pb_row _builder_version=&#8221;4.27.4&#8243; _module_preset=&#8221;default&#8221; width=&#8221;75%&#8221; width_tablet=&#8221;90%&#8221; width_phone=&#8221;90%&#8221; width_last_edited=&#8221;on|phone&#8221; custom_padding=&#8221;0px||0px||false|false&#8221; global_colors_info=&#8221;{}&#8221;][et_pb_column type=&#8221;4_4&#8243; _builder_version=&#8221;4.24.1&#8243; _module_preset=&#8221;default&#8221; global_colors_info=&#8221;{}&#8221;][et_pb_heading title=&#8221;Our services&#8221; _builder_version=&#8221;4.27.4&#8243; _module_preset=&#8221;default&#8221; title_level=&#8221;h3&#8243; title_font=&#8221;Raleway|600||on|||||&#8221; title_text_align=&#8221;center&#8221; title_text_color=&#8221;#354739&#8243; title_font_size=&#8221;20px&#8221; title_letter_spacing=&#8221;1px&#8221; custom_margin=&#8221;||0px||false|false&#8221; title_text_align_tablet=&#8221;center&#8221; title_text_align_phone=&#8221;center&#8221; title_text_align_last_edited=&#8221;on|phone&#8221; title_font_size_tablet=&#8221;18px&#8221; title_font_size_phone=&#8221;16px&#8221; title_font_size_last_edited=&#8221;on|phone&#8221; global_colors_info=&#8221;{}&#8221;][\/et_pb_heading][et_pb_heading title=&#8221;A Complete Offer for Technology, Commercial, and Industrial Businesses&#8221; _builder_version=&#8221;4.27.4&#8243; _module_preset=&#8221;default&#8221; title_font=&#8221;|600||on|||||&#8221; title_text_align=&#8221;center&#8221; title_text_color=&#8221;#4B7755&#8243; title_font_size=&#8221;75px&#8221; custom_margin=&#8221;||10px||false|false&#8221; title_font_size_tablet=&#8221;65px&#8221; title_font_size_phone=&#8221;45px&#8221; title_font_size_last_edited=&#8221;on|desktop&#8221; custom_css_free_form=&#8221;@media screen and (min-width: 400px) and (max-width: 430px) {||  selector h1{||    font-size:45px!important;||  }||}&#8221; global_colors_info=&#8221;{}&#8221;][\/et_pb_heading][et_pb_text _builder_version=&#8221;4.27.4&#8243; _module_preset=&#8221;default&#8221; text_font=&#8221;||||||||&#8221; text_text_color=&#8221;#354739&#8243; text_line_height=&#8221;30px&#8221; text_orientation=&#8221;center&#8221; width=&#8221;80%&#8221; width_tablet=&#8221;80%&#8221; width_phone=&#8221;80%&#8221; width_last_edited=&#8221;on|phone&#8221; module_alignment=&#8221;center&#8221; text_font_size_tablet=&#8221;22px&#8221; text_font_size_phone=&#8221;22px&#8221; text_font_size_last_edited=&#8221;on|phone&#8221; global_colors_info=&#8221;{}&#8221;]<\/p>\n<p><strong>EcotechRDR<\/strong> provides turnkey services to help businesses efficiently manage their technological surplus, recyclable materials, and end-of-life equipment. Whether it\u2019s <strong>metal recycling<\/strong>, <strong>certified data destruction,<\/strong> <strong>surplus resale<\/strong>, or the issuance of <strong>destruction and recycling certificates<\/strong>, we offer professional, secure, and compliant solutions.<\/p>\n<p>Our services are available to <strong>businesses<\/strong>, <strong>institutions<\/strong>, and <strong>organizations<\/strong> across Quebec.<\/p>\n<p>[\/et_pb_text][\/et_pb_column][\/et_pb_row][et_pb_row column_structure=&#8221;1_3,1_3,1_3&#8243; _builder_version=&#8221;4.27.4&#8243; _module_preset=&#8221;default&#8221; custom_margin=&#8221;60px||||false|false&#8221; global_colors_info=&#8221;{}&#8221;][et_pb_column type=&#8221;1_3&#8243; _builder_version=&#8221;4.27.4&#8243; _module_preset=&#8221;default&#8221; global_colors_info=&#8221;{}&#8221;][et_pb_blurb title=&#8221;Resale&#8221; url=&#8221;@ET-DC@eyJkeW5hbWljIjp0cnVlLCJjb250ZW50IjoicG9zdF9saW5rX3VybF9wYWdlIiwic2V0dGluZ3MiOnsicG9zdF9pZCI6IjE1NTYifX0=@&#8221; image=&#8221;https:\/\/www.ecotechrdr.com\/wp-content\/uploads\/2025\/05\/accueil-rdr-recuperation-02.png&#8221; alt=&#8221;Recyclage de m\u00e9taux, \u00e9quipements \u00e9lectroniques et informatique professionnel. Nous assurons un tri rigoureux et une valorisation optimale des mati\u00e8res.&#8221; _builder_version=&#8221;4.27.4&#8243; _dynamic_attributes=&#8221;url&#8221; _module_preset=&#8221;default&#8221; header_level=&#8221;h3&#8243; header_font=&#8221;|600||on|||||&#8221; header_text_align=&#8221;center&#8221; header_text_color=&#8221;#4B7755&#8243; header_font_size=&#8221;40px&#8221; body_text_align=&#8221;center&#8221; body_line_height=&#8221;30px&#8221; body_font_size_tablet=&#8221;22px&#8221; body_font_size_phone=&#8221;22px&#8221; body_font_size_last_edited=&#8221;on|tablet&#8221; global_colors_info=&#8221;{}&#8221; transform_styles__hover_enabled=&#8221;on|hover&#8221; transform_scale__hover_enabled=&#8221;on|hover&#8221; transform_translate__hover_enabled=&#8221;on|desktop&#8221; transform_rotate__hover_enabled=&#8221;on|desktop&#8221; transform_skew__hover_enabled=&#8221;on|desktop&#8221; transform_origin__hover_enabled=&#8221;on|desktop&#8221; transform_scale__hover=&#8221;110%|110%&#8221;]<\/p>\n<p>We give a second life to <strong>IT surplus<\/strong>, <strong>industrial equipment<\/strong>, and <strong>excess inventory<\/strong> through a refurbishing process and resale on trusted platforms.<\/p>\n<p>[\/et_pb_blurb][\/et_pb_column][et_pb_column type=&#8221;1_3&#8243; _builder_version=&#8221;4.27.4&#8243; _module_preset=&#8221;default&#8221; global_colors_info=&#8221;{}&#8221;][et_pb_blurb title=&#8221;Destruction&#8221; url=&#8221;@ET-DC@eyJkeW5hbWljIjp0cnVlLCJjb250ZW50IjoicG9zdF9saW5rX3VybF9wYWdlIiwic2V0dGluZ3MiOnsicG9zdF9pZCI6IjE4MjUifX0=@&#8221; image=&#8221;https:\/\/www.ecotechrdr.com\/wp-content\/uploads\/2025\/05\/accueil-rdr-destruction-02.png&#8221; alt=&#8221;Destruction s\u00e9curis\u00e9e de donn\u00e9es, disques durs, serveurs et mat\u00e9riel sensible&#8221; _builder_version=&#8221;4.27.4&#8243; _dynamic_attributes=&#8221;url&#8221; _module_preset=&#8221;default&#8221; header_level=&#8221;h3&#8243; header_font=&#8221;|600||on|||||&#8221; header_text_align=&#8221;center&#8221; header_text_color=&#8221;#4B7755&#8243; header_font_size=&#8221;40px&#8221; body_text_align=&#8221;center&#8221; body_line_height=&#8221;30px&#8221; body_font_size_tablet=&#8221;22px&#8221; body_font_size_phone=&#8221;22px&#8221; body_font_size_last_edited=&#8221;on|tablet&#8221; global_colors_info=&#8221;{}&#8221; transform_styles__hover_enabled=&#8221;on|hover&#8221; transform_scale__hover_enabled=&#8221;on|hover&#8221; transform_translate__hover_enabled=&#8221;on|desktop&#8221; transform_rotate__hover_enabled=&#8221;on|desktop&#8221; transform_skew__hover_enabled=&#8221;on|desktop&#8221; transform_origin__hover_enabled=&#8221;on|desktop&#8221; transform_scale__hover=&#8221;110%|110%&#8221;]<\/p>\n<p>We offer <strong>secure destruction of hard drives<\/strong>,<strong> IT hardware<\/strong>, and <strong>digital media<\/strong> in compliance with <strong>Law 25<\/strong>. Each destruction can be accompanied by an <strong>official certificate<\/strong>.<\/p>\n<p>[\/et_pb_blurb][\/et_pb_column][et_pb_column type=&#8221;1_3&#8243; _builder_version=&#8221;4.27.4&#8243; _module_preset=&#8221;default&#8221; global_colors_info=&#8221;{}&#8221;][et_pb_blurb title=&#8221;Recycling&#8221; url=&#8221;@ET-DC@eyJkeW5hbWljIjp0cnVlLCJjb250ZW50IjoicG9zdF9saW5rX3VybF9wYWdlIiwic2V0dGluZ3MiOnsicG9zdF9pZCI6IjE4MzcifX0=@&#8221; image=&#8221;https:\/\/www.ecotechrdr.com\/wp-content\/uploads\/2025\/05\/accueil-rdr-recyclage-02.png&#8221; alt=&#8221;Recyclage de m\u00e9taux, \u00e9quipements \u00e9lectroniques et informatique professionnel.&#8221; _builder_version=&#8221;4.27.4&#8243; _dynamic_attributes=&#8221;url&#8221; _module_preset=&#8221;default&#8221; header_level=&#8221;h3&#8243; header_font=&#8221;|600||on|||||&#8221; header_text_align=&#8221;center&#8221; header_text_color=&#8221;#4B7755&#8243; header_font_size=&#8221;40px&#8221; body_text_align=&#8221;center&#8221; body_line_height=&#8221;30px&#8221; body_font_size_tablet=&#8221;22px&#8221; body_font_size_phone=&#8221;22px&#8221; body_font_size_last_edited=&#8221;on|tablet&#8221; global_colors_info=&#8221;{}&#8221; transform_styles__hover_enabled=&#8221;on|hover&#8221; transform_scale__hover_enabled=&#8221;on|hover&#8221; transform_translate__hover_enabled=&#8221;on|desktop&#8221; transform_rotate__hover_enabled=&#8221;on|desktop&#8221; transform_skew__hover_enabled=&#8221;on|desktop&#8221; transform_origin__hover_enabled=&#8221;on|desktop&#8221; transform_scale__hover=&#8221;110%|110%&#8221;]<\/p>\n<p>We responsibly recycle your <strong>electronic devices<\/strong>, <strong>IT equipment<\/strong>, and <strong>industrial metals<\/strong>. An effective solution to reduce your environmental footprint while meeting local standards.<\/p>\n<p>[\/et_pb_blurb][\/et_pb_column][\/et_pb_row][\/et_pb_section][et_pb_section fb_built=&#8221;1&#8243; custom_padding_last_edited=&#8221;on|phone&#8221; _builder_version=&#8221;4.27.4&#8243; _module_preset=&#8221;default&#8221; background_color=&#8221;#4B7755&#8243; background_enable_image=&#8221;off&#8221; parallax=&#8221;on&#8221; custom_padding=&#8221;140px||110px||false|false&#8221; custom_padding_tablet=&#8221;75px||75px||true|false&#8221; custom_padding_phone=&#8221;50px||50px||true|false&#8221; global_colors_info=&#8221;{}&#8221;][et_pb_row _builder_version=&#8221;4.27.4&#8243; _module_preset=&#8221;default&#8221; width_tablet=&#8221;90%&#8221; width_phone=&#8221;90%&#8221; width_last_edited=&#8221;on|tablet&#8221; custom_padding=&#8221;0px||0px||false|false&#8221; global_colors_info=&#8221;{}&#8221;][et_pb_column type=&#8221;4_4&#8243; _builder_version=&#8221;4.24.0&#8243; _module_preset=&#8221;default&#8221; custom_padding=&#8221;0px||0px||false|false&#8221; global_colors_info=&#8221;{}&#8221;][et_pb_heading title=&#8221;Compliance and traceability&#8221; _builder_version=&#8221;4.27.4&#8243; _module_preset=&#8221;default&#8221; title_level=&#8221;h3&#8243; title_font=&#8221;Raleway|600||on|||||&#8221; title_text_align=&#8221;center&#8221; title_text_color=&#8221;#F7F1D7&#8243; title_font_size=&#8221;20px&#8221; title_letter_spacing=&#8221;1px&#8221; custom_margin=&#8221;||0px||false|false&#8221; title_font_size_tablet=&#8221;18px&#8221; title_font_size_phone=&#8221;16px&#8221; title_font_size_last_edited=&#8221;on|phone&#8221; global_colors_info=&#8221;{}&#8221;][\/et_pb_heading][et_pb_heading title=&#8221;Controlled Goods Certification and Destruction Certificates&#8221; _builder_version=&#8221;4.27.4&#8243; _module_preset=&#8221;default&#8221; title_level=&#8221;h2&#8243; title_font=&#8221;|600||on|||||&#8221; title_text_align=&#8221;center&#8221; title_text_color=&#8221;#F4EAA2&#8243; title_font_size=&#8221;65px&#8221; title_line_height=&#8221;1.1em&#8221; width=&#8221;90%&#8221; width_tablet=&#8221;&#8221; width_phone=&#8221;&#8221; width_last_edited=&#8221;on|desktop&#8221; module_alignment=&#8221;center&#8221; custom_margin=&#8221;||10px||false|false&#8221; title_font_size_tablet=&#8221;45px&#8221; title_font_size_phone=&#8221;30px&#8221; title_font_size_last_edited=&#8221;on|desktop&#8221; global_colors_info=&#8221;{}&#8221;][\/et_pb_heading][et_pb_text _builder_version=&#8221;4.27.4&#8243; _module_preset=&#8221;default&#8221; text_font=&#8221;||||||||&#8221; text_text_color=&#8221;#F7F1D7&#8243; text_line_height=&#8221;30px&#8221; text_orientation=&#8221;center&#8221; width=&#8221;80%&#8221; width_tablet=&#8221;80%&#8221; width_phone=&#8221;80%&#8221; width_last_edited=&#8221;on|phone&#8221; module_alignment=&#8221;center&#8221; text_font_size_tablet=&#8221;22px&#8221; text_font_size_phone=&#8221;22px&#8221; text_font_size_last_edited=&#8221;on|phone&#8221; global_colors_info=&#8221;{}&#8221;]<\/p>\n<p>As a <strong>PMC-certified company (Controlled Goods Program)<\/strong>, we are authorized to handle and destroy sensitive equipment. We<strong> also issue destruction certificates<\/strong> for compliance and traceability purposes.<\/p>\n<p>[\/et_pb_text][et_pb_button button_url=&#8221;@ET-DC@eyJkeW5hbWljIjp0cnVlLCJjb250ZW50IjoicG9zdF9saW5rX3VybF9wYWdlIiwic2V0dGluZ3MiOnsicG9zdF9pZCI6IjE4NDMifX0=@&#8221; button_text=&#8221;Learn more&#8221; button_alignment=&#8221;center&#8221; _builder_version=&#8221;4.27.4&#8243; _dynamic_attributes=&#8221;button_url&#8221; _module_preset=&#8221;default&#8221; custom_button=&#8221;on&#8221; button_text_color=&#8221;#F4EAA2&#8243; button_bg_color=&#8221;RGBA(255,255,255,0)&#8221; button_border_color=&#8221;#F4EAA2&#8243; button_font=&#8221;|||on|||||&#8221; button_use_icon=&#8221;off&#8221; custom_margin=&#8221;50px||||false|false&#8221; custom_margin_tablet=&#8221;40px||||false|false&#8221; custom_margin_phone=&#8221;35px||||false|false&#8221; custom_margin_last_edited=&#8221;on|phone&#8221; custom_padding=&#8221;19px|45px|19px|45px|true|true&#8221; custom_padding_tablet=&#8221;17px|30px|17px|30px|true|true&#8221; custom_padding_phone=&#8221;16px|28px|16px|28px|true|true&#8221; custom_padding_last_edited=&#8221;on|phone&#8221; button_text_size_tablet=&#8221;19px&#8221; button_text_size_phone=&#8221;17px&#8221; button_text_size_last_edited=&#8221;on|phone&#8221; locked=&#8221;off&#8221; global_colors_info=&#8221;{}&#8221; button_bg_color__hover_enabled=&#8221;on|hover&#8221; button_bg_color__hover=&#8221;#F4EAA2&#8243; button_bg_enable_color__hover=&#8221;on&#8221; button_text_color__hover_enabled=&#8221;on|desktop&#8221; button_text_color__hover=&#8221;#354739&#8243;][\/et_pb_button][\/et_pb_column][\/et_pb_row][\/et_pb_section][et_pb_section fb_built=&#8221;1&#8243; custom_padding_last_edited=&#8221;on|phone&#8221; _builder_version=&#8221;4.27.4&#8243; _module_preset=&#8221;default&#8221; background_color=&#8221;#F7F1D7&#8243; background_enable_image=&#8221;off&#8221; parallax=&#8221;on&#8221; custom_margin=&#8221;||||false|false&#8221; custom_padding=&#8221;60px||60px||true|false&#8221; custom_padding_tablet=&#8221;75px||75px||true|false&#8221; custom_padding_phone=&#8221;50px||50px||true|false&#8221; global_colors_info=&#8221;{}&#8221;][et_pb_row column_structure=&#8221;2_5,3_5&#8243; _builder_version=&#8221;4.27.4&#8243; _module_preset=&#8221;default&#8221; custom_margin=&#8221;0px||0px||false|false&#8221; custom_padding=&#8221;0px||0px||false|false&#8221; global_colors_info=&#8221;{}&#8221;][et_pb_column type=&#8221;2_5&#8243; _builder_version=&#8221;4.27.4&#8243; _module_preset=&#8221;default&#8221; global_colors_info=&#8221;{}&#8221;][et_pb_image src=&#8221;https:\/\/www.ecotechrdr.com\/wp-content\/uploads\/2025\/06\/ramassage-services-01.jpg&#8221; alt=&#8221;Demandez une cueillette de vos \u00e9quipements d\u00e8s maintenant&#8221; align=&#8221;right&#8221; _builder_version=&#8221;4.27.4&#8243; _module_preset=&#8221;default&#8221; hover_enabled=&#8221;0&#8243; global_colors_info=&#8221;{}&#8221; align_last_edited=&#8221;on|tablet&#8221; align_tablet=&#8221;center&#8221; show_bottom_space_last_edited=&#8221;on|phone&#8221; show_bottom_space_tablet=&#8221;off&#8221; sticky_enabled=&#8221;0&#8243; align_phone=&#8221;center&#8221; show_bottom_space_phone=&#8221;off&#8221;][\/et_pb_image][\/et_pb_column][et_pb_column type=&#8221;3_5&#8243; _builder_version=&#8221;4.27.4&#8243; _module_preset=&#8221;default&#8221; custom_padding=&#8221;30px||||false|false&#8221; global_colors_info=&#8221;{}&#8221;][et_pb_heading title=&#8221;Ready to Take Action?&#8221; _builder_version=&#8221;4.27.4&#8243; _module_preset=&#8221;default&#8221; title_level=&#8221;h3&#8243; title_font=&#8221;Raleway|600||on|||||&#8221; title_text_align=&#8221;left&#8221; title_text_color=&#8221;#354739&#8243; title_font_size=&#8221;20px&#8221; title_letter_spacing=&#8221;1px&#8221; custom_margin=&#8221;||0px||false|false&#8221; title_text_align_tablet=&#8221;center&#8221; title_text_align_phone=&#8221;center&#8221; title_text_align_last_edited=&#8221;on|phone&#8221; title_font_size_tablet=&#8221;18px&#8221; title_font_size_phone=&#8221;16px&#8221; title_font_size_last_edited=&#8221;on|phone&#8221; global_colors_info=&#8221;{}&#8221;][\/et_pb_heading][et_pb_heading title=&#8221;Request a pickup&#8221; _builder_version=&#8221;4.27.4&#8243; _module_preset=&#8221;default&#8221; title_level=&#8221;h2&#8243; title_font=&#8221;|600||on|||||&#8221; title_text_align=&#8221;left&#8221; title_text_color=&#8221;#4B7755&#8243; title_font_size=&#8221;65px&#8221; title_line_height=&#8221;1.1em&#8221; width_tablet=&#8221;&#8221; width_phone=&#8221;&#8221; width_last_edited=&#8221;on|desktop&#8221; module_alignment=&#8221;center&#8221; custom_margin=&#8221;||10px||false|false&#8221; custom_padding=&#8221;||||false|false&#8221; title_text_align_tablet=&#8221;center&#8221; title_text_align_phone=&#8221;center&#8221; title_text_align_last_edited=&#8221;on|phone&#8221; title_font_size_tablet=&#8221;45px&#8221; title_font_size_phone=&#8221;30px&#8221; title_font_size_last_edited=&#8221;on|desktop&#8221; global_colors_info=&#8221;{}&#8221;][\/et_pb_heading][et_pb_text _builder_version=&#8221;4.27.4&#8243; _module_preset=&#8221;default&#8221; text_font=&#8221;||||||||&#8221; text_text_color=&#8221;#354739&#8243; text_line_height=&#8221;30px&#8221; width_tablet=&#8221;&#8221; width_phone=&#8221;&#8221; width_last_edited=&#8221;on|phone&#8221; module_alignment=&#8221;center&#8221; custom_margin=&#8221;45px||||false|false&#8221; custom_margin_tablet=&#8221;20px||||false|false&#8221; custom_margin_phone=&#8221;15px||||false|false&#8221; custom_margin_last_edited=&#8221;on|phone&#8221; custom_padding=&#8221;||||false|false&#8221; text_font_size_tablet=&#8221;22px&#8221; text_font_size_phone=&#8221;&#8221; text_font_size_last_edited=&#8221;on|tablet&#8221; text_orientation_tablet=&#8221;center&#8221; text_orientation_phone=&#8221;center&#8221; text_orientation_last_edited=&#8221;on|phone&#8221; global_colors_info=&#8221;{}&#8221;]<\/p>\n<p>Schedule your equipment pickup today.<\/p>\n<p>[\/et_pb_text][et_pb_button button_url=&#8221;https:\/\/inquiry.recykinfo.com\/en\/inquiry\/index.php&#8221; url_new_window=&#8221;on&#8221; button_text=&#8221;Request a pickup&#8221; button_alignment=&#8221;left&#8221; button_alignment_tablet=&#8221;center&#8221; button_alignment_phone=&#8221;center&#8221; button_alignment_last_edited=&#8221;on|phone&#8221; _builder_version=&#8221;4.27.4&#8243; _module_preset=&#8221;default&#8221; custom_button=&#8221;on&#8221; button_text_color=&#8221;#4B7755&#8243; button_bg_color=&#8221;RGBA(255,255,255,0)&#8221; button_border_color=&#8221;#4B7755&#8243; button_use_icon=&#8221;off&#8221; custom_margin=&#8221;50px||||false|false&#8221; custom_margin_tablet=&#8221;40px||||false|false&#8221; custom_margin_phone=&#8221;35px||||false|false&#8221; custom_margin_last_edited=&#8221;on|phone&#8221; custom_padding=&#8221;19px|45px|19px|45px|true|true&#8221; custom_padding_tablet=&#8221;17px|30px|17px|30px|true|true&#8221; custom_padding_phone=&#8221;16px|28px|16px|28px|true|true&#8221; custom_padding_last_edited=&#8221;on|phone&#8221; hover_enabled=&#8221;0&#8243; button_text_size_tablet=&#8221;19px&#8221; button_text_size_phone=&#8221;17px&#8221; button_text_size_last_edited=&#8221;on|phone&#8221; locked=&#8221;off&#8221; global_colors_info=&#8221;{}&#8221; button_bg_color__hover_enabled=&#8221;on|desktop&#8221; button_bg_color__hover=&#8221;#4B7755&#8243; button_bg_enable_color__hover=&#8221;on&#8221; button_text_color__hover_enabled=&#8221;on|hover&#8221; button_text_color__hover=&#8221;#F4EAA2&#8243; button_border_color__hover_enabled=&#8221;on|desktop&#8221; button_border_color__hover=&#8221;#4B7755&#8243; sticky_enabled=&#8221;0&#8243;][\/et_pb_button][\/et_pb_column][\/et_pb_row][\/et_pb_section]<\/p>\n","protected":false},"excerpt":{"rendered":"<p>EcotechRDR provides turnkey services to help businesses efficiently manage their technological surplus, recyclable materials, and end-of-life equipment. Whether it\u2019s metal recycling, certified data destruction, surplus resale, or the issuance of destruction and recycling certificates, we offer professional, secure, and compliant solutions. Our services are available to businesses, institutions, and organizations across Quebec.We give a second [&hellip;]<\/p>\n","protected":false},"author":1,"featured_media":2357,"parent":0,"menu_order":0,"comment_status":"closed","ping_status":"closed","template":"","meta":{"_et_pb_use_builder":"on","_et_pb_old_content":"<!-- wp:divi\/placeholder \/-->","_et_gb_content_width":"","inline_featured_image":false,"footnotes":""},"class_list":["post-2526","page","type-page","status-publish","has-post-thumbnail","hentry"],"_links":{"self":[{"href":"https:\/\/www.ecotechrdr.com\/en\/wp-json\/wp\/v2\/pages\/2526","targetHints":{"allow":["GET"]}}],"collection":[{"href":"https:\/\/www.ecotechrdr.com\/en\/wp-json\/wp\/v2\/pages"}],"about":[{"href":"https:\/\/www.ecotechrdr.com\/en\/wp-json\/wp\/v2\/types\/page"}],"author":[{"embeddable":true,"href":"https:\/\/www.ecotechrdr.com\/en\/wp-json\/wp\/v2\/users\/1"}],"replies":[{"embeddable":true,"href":"https:\/\/www.ecotechrdr.com\/en\/wp-json\/wp\/v2\/comments?post=2526"}],"version-history":[{"count":4,"href":"https:\/\/www.ecotechrdr.com\/en\/wp-json\/wp\/v2\/pages\/2526\/revisions"}],"predecessor-version":[{"id":2893,"href":"https:\/\/www.ecotechrdr.com\/en\/wp-json\/wp\/v2\/pages\/2526\/revisions\/2893"}],"wp:featuredmedia":[{"embeddable":true,"href":"https:\/\/www.ecotechrdr.com\/en\/wp-json\/wp\/v2\/media\/2357"}],"wp:attachment":[{"href":"https:\/\/www.ecotechrdr.com\/en\/wp-json\/wp\/v2\/media?parent=2526"}],"curies":[{"name":"wp","href":"https:\/\/api.w.org\/{rel}","templated":true}]}}